{"id":8078,"date":"2025-01-31T09:13:23","date_gmt":"2025-01-31T09:13:23","guid":{"rendered":"https:\/\/destinocaucaso.com\/?post_type=product&#038;p=8078"},"modified":"2025-12-21T21:39:07","modified_gmt":"2025-12-21T21:39:07","slug":"maravillas-del-caucaso-azerbaiyan-georgia-y-armenia-en-17-dias-copia","status":"publish","type":"product","link":"https:\/\/destinocaucaso.com\/pt-br\/tour\/maravillas-del-caucaso-azerbaiyan-georgia-y-armenia-en-17-dias-copia\/","title":{"rendered":"Maravillas del C\u00e1ucaso:  Azerbaiy\u00e1n, Georgia y Armenia en 17 D\u00edas (copia)"},"content":{"rendered":"<p>Es una traves\u00eda inolvidable de <strong>17 d\u00edas<\/strong> a trav\u00e9s de tres pa\u00edses fascinantes: <em>Azerbaiy\u00e1n, Georgia y Armenia<\/em>. Este itinerario \u00fanico est\u00e1 dise\u00f1ado para que descubras una fusi\u00f3n perfecta de <strong>paisajes impactantes, monumentos hist\u00f3ricos y tradiciones milenarias<\/strong>. Desde las modernas calles de <b>Bak\u00fa<\/b> hasta los monasterios enclavados en las monta\u00f1as del C\u00e1ucaso, cada d\u00eda de esta experiencia promete aventuras emocionantes y encuentros culturales enriquecedores. <em>Descubre ciudades vibrantes, maravillas naturales y sitios declarados Patrimonio de la Humanidad por la UNESCO<\/em> mientras recorres esta cautivadora regi\u00f3n del mundo.<\/p>\n<p>Comienza tu viaje explorando la futurista ciudad de <b>Bak\u00fa<\/b> y sus alrededores, como el intrigante <strong>Parque Nacional de Gobust\u00e1n<\/strong> con sus antiguos petroglifos. Recorre las tierras vitivin\u00edcolas de <strong>Kvareli<\/strong> y la hist\u00f3rica regi\u00f3n de <em>Telavi<\/em> antes de llegar a <b>Tbilisi<\/b>, una ciudad que combina modernidad y tradici\u00f3n. En Georgia, marav\u00edllate con lugares ic\u00f3nicos como <strong>Uplistsikhe<\/strong>, la antigua ciudad excavada en la roca, y disfruta de las vistas panor\u00e1micas en <em>Gudauri<\/em>. Continuando hacia Armenia, te esperan joyas como el <strong>Monasterio de Geghard<\/strong>, las ruinas de <b>Zvartnots<\/b>, y la m\u00edstica catedral de <em>Echmiadzin<\/em>. Desde los tranquilos paisajes de <b>Batumi<\/b> hasta las cuevas hist\u00f3ricas de <strong>Vardzia<\/strong> y la vibrante ciudad de <em>Erev\u00e1n<\/em>, este itinerario te llevar\u00e1 por los rincones m\u00e1s espectaculares de esta regi\u00f3n m\u00e1gica. \u00a1Prep\u00e1rate para un viaje que quedar\u00e1 grabado en tu memoria para siempre!<\/p>\n","protected":false},"excerpt":{"rendered":"<p>Es una traves\u00eda inolvidable de <strong>17 d\u00edas<\/strong> a trav\u00e9s de tres pa\u00edses fascinantes: <em>Azerbaiy\u00e1n, Georgia y Armenia<\/em>. Este itinerario \u00fanico est\u00e1 dise\u00f1ado para que descubras una fusi\u00f3n perfecta de <strong>paisajes impactantes, monumentos hist\u00f3ricos y tradiciones milenarias<\/strong>. Desde las modernas calles de <b>Bak\u00fa<\/b> hasta los monasterios enclavados en las monta\u00f1as del C\u00e1ucaso, cada d\u00eda de esta experiencia promete aventuras emocionantes y encuentros culturales enriquecedores. <em>Descubre ciudades vibrantes, maravillas naturales y sitios declarados Patrimonio de la Humanidad por la UNESCO<\/em> mientras recorres esta cautivadora regi\u00f3n del mundo.<\/p>\n<p>Comienza tu viaje explorando la futurista ciudad de <b>Bak\u00fa<\/b> y sus alrededores, como el intrigante <strong>Parque Nacional de Gobust\u00e1n<\/strong> con sus antiguos petroglifos. Recorre las tierras vitivin\u00edcolas de <strong>Kvareli<\/strong> y la hist\u00f3rica regi\u00f3n de <em>Telavi<\/em> antes de llegar a <b>Tbilisi<\/b>, una ciudad que combina modernidad y tradici\u00f3n. En Georgia, marav\u00edllate con lugares ic\u00f3nicos como <strong>Uplistsikhe<\/strong>, la antigua ciudad excavada en la roca, y disfruta de las vistas panor\u00e1micas en <em>Gudauri<\/em>. Continuando hacia Armenia, te esperan joyas como el <strong>Monasterio de Geghard<\/strong>, las ruinas de <b>Zvartnots<\/b>, y la m\u00edstica catedral de <em>Echmiadzin<\/em>. Desde los tranquilos paisajes de <b>Batumi<\/b> hasta las cuevas hist\u00f3ricas de <strong>Vardzia<\/strong> y la vibrante ciudad de <em>Erev\u00e1n<\/em>, este itinerario te llevar\u00e1 por los rincones m\u00e1s espectaculares de esta regi\u00f3n m\u00e1gica. \u00a1Prep\u00e1rate para un viaje que quedar\u00e1 grabado en tu memoria para siempre!<\/p>\n","protected":false},"featured_media":6913,"comment_status":"open","ping_status":"closed","template":"","meta":{"_acf_changed":false,"_et_pb_use_builder":"","_et_pb_old_content":"","_et_gb_content_width":"","_monsterinsights_skip_tracking":false,"_monsterinsights_sitenote_active":false,"_monsterinsights_sitenote_note":"","_monsterinsights_sitenote_category":0,"_uf_show_specific_survey":0,"_uf_disable_surveys":false},"product_brand":[],"product_cat":[],"product_tag":[],"class_list":{"0":"post-8078","1":"product","2":"type-product","3":"status-publish","4":"has-post-thumbnail","7":"first","8":"instock","9":"shipping-taxable","10":"product-type-simple"},"acf":[],"_links":{"self":[{"href":"https:\/\/destinocaucaso.com\/pt-br\/wp-json\/wp\/v2\/product\/8078","targetHints":{"allow":["GET"]}}],"collection":[{"href":"https:\/\/destinocaucaso.com\/pt-br\/wp-json\/wp\/v2\/product"}],"about":[{"href":"https:\/\/destinocaucaso.com\/pt-br\/wp-json\/wp\/v2\/types\/product"}],"replies":[{"embeddable":true,"href":"https:\/\/destinocaucaso.com\/pt-br\/wp-json\/wp\/v2\/comments?post=8078"}],"wp:featuredmedia":[{"embeddable":true,"href":"https:\/\/destinocaucaso.com\/pt-br\/wp-json\/wp\/v2\/media\/6913"}],"wp:attachment":[{"href":"https:\/\/destinocaucaso.com\/pt-br\/wp-json\/wp\/v2\/media?parent=8078"}],"wp:term":[{"taxonomy":"product_brand","embeddable":true,"href":"https:\/\/destinocaucaso.com\/pt-br\/wp-json\/wp\/v2\/product_brand?post=8078"},{"taxonomy":"product_cat","embeddable":true,"href":"https:\/\/destinocaucaso.com\/pt-br\/wp-json\/wp\/v2\/product_cat?post=8078"},{"taxonomy":"product_tag","embeddable":true,"href":"https:\/\/destinocaucaso.com\/pt-br\/wp-json\/wp\/v2\/product_tag?post=8078"}],"curies":[{"name":"wp","href":"https:\/\/api.w.org\/{rel}","templated":true}]}}